{"id":392,"date":"2018-07-26T07:17:24","date_gmt":"2018-07-26T07:17:24","guid":{"rendered":"https:\/\/stylemixthemes.com\/masterstudy\/lms-white\/?page_id=392"},"modified":"2025-09-03T17:48:17","modified_gmt":"2025-09-03T17:48:17","slug":"about-us","status":"publish","type":"page","link":"https:\/\/orax-cm.com\/index.php\/about-us\/","title":{"rendered":"A PROPOS"},"content":{"rendered":"<p>[vc_row full_width=&#8221;stretch_row&#8221; css=&#8221;.vc_custom_1652470730889{padding-bottom: 50px !important;background-image: url(http:\/\/orax-cm.com\/wp-content\/uploads\/2022\/05\/close-up-businessman-analyzes-the-financial-report-KUF6PV2.png?id=5021) !important;background-position: center !important;background-repeat: no-repeat !important;background-size: cover !important;}&#8221;][vc_column][vc_column_text]<\/p>\n<h2 style=\"color: white; text-align: center;\"><span style=\"color: #d1d6dc;\">A PROPOS<\/span><\/h2>\n<p>[\/vc_column_text][\/vc_column][\/vc_row][vc_row css=&#8221;.vc_custom_1435816078010{margin-bottom: 15px !important;}&#8221;][vc_column width=&#8221;1\/2&#8243;][vc_custom_heading text=&#8221;ORAX TECHNOLOGIES!&#8221; use_theme_fonts=&#8221;yes&#8221; css=&#8221;.vc_custom_1651230368369{margin-bottom: 29px !important;}&#8221;][vc_column_text css=&#8221;.vc_custom_1651228478820{margin-bottom: 32px !important;}&#8221;]<\/p>\n<p style=\"text-align: left;\"><strong>Cabinet d\u2019\u00e9tudes et de conseils <\/strong>sp\u00e9cialis\u00e9 dans le d\u00e9veloppement d\u2019application, conseils, formation, l\u2019int\u00e9gration des solutions et la vente des \u00e9quipements informatiques.<\/p>\n<p><strong>ORAX TECHNOLOGIES<\/strong> a pour Mission, d\u2019accompagner les <strong>entreprises priv\u00e9es les administrations publiques et les particuliers<\/strong> en r\u00e9pondant \u00e0 leurs besoins informatiques sp\u00e9cifiques par la fourniture et l\u2019int\u00e9gration de solutions et services avec un haut niveau de disponibilit\u00e9 et de satisfaction client.[\/vc_column_text][\/vc_column][vc_column width=&#8221;1\/2&#8243;][vc_single_image image=&#8221;5039&#8243; img_size=&#8221;570&#215;350&#8243; css=&#8221;.vc_custom_1652471640458{margin-bottom: 69px !important;}&#8221;][vc_tta_tabs][vc_tta_section title=&#8221;Nous contacter&#8221; tab_id=&#8221;1532604609845-4edaaecf-303f&#8221;]<div role=\"form\" class=\"wpcf7\" id=\"wpcf7-f403-o1\" lang=\"en-US\" dir=\"ltr\">\n<div class=\"screen-reader-response\"><p role=\"status\" aria-live=\"polite\" aria-atomic=\"true\"><\/p> <ul><\/ul><\/div>\n<form action=\"\/index.php\/wp-json\/wp\/v2\/pages\/392#wpcf7-f403-o1\" method=\"post\" class=\"wpcf7-form init\" novalidate=\"novalidate\" data-status=\"init\">\n<div style=\"display: none;\">\n<input type=\"hidden\" name=\"_wpcf7\" value=\"403\" \/>\n<input type=\"hidden\" name=\"_wpcf7_version\" value=\"5.6.3\" \/>\n<input type=\"hidden\" name=\"_wpcf7_locale\" value=\"en_US\" \/>\n<input type=\"hidden\" name=\"_wpcf7_unit_tag\" value=\"wpcf7-f403-o1\" \/>\n<input type=\"hidden\" name=\"_wpcf7_container_post\" value=\"0\" \/>\n<input type=\"hidden\" name=\"_wpcf7_posted_data_hash\" value=\"\" \/>\n<\/div>\n<div class=\"row\">\n<div class=\"col-xs-12 col-sm-6 col-md-6 col-lg-6\">\n<div class=\"form-group\">\n<span class=\"wpcf7-form-control-wrap\" data-name=\"name\"><input type=\"text\" name=\"name\" value=\"\" size=\"40\" class=\"wpcf7-form-control wpcf7-text wpcf7-validates-as-required form-control\" aria-required=\"true\" aria-invalid=\"false\" placeholder=\"Your Name\" \/><\/span>\n<\/div>\n<\/div>\n<div class=\"col-xs-12 col-sm-6 col-md-6 col-lg-6\">\n<div class=\"form-group\">\n<span class=\"wpcf7-form-control-wrap\" data-name=\"email\"><input type=\"email\" name=\"email\" value=\"\" size=\"40\" class=\"wpcf7-form-control wpcf7-text wpcf7-email wpcf7-validates-as-required wpcf7-validates-as-email form-control\" aria-required=\"true\" aria-invalid=\"false\" placeholder=\"Your Email\" \/><\/span>\n<\/div>\n<\/div>\n<\/div>\n<div class=\"row\">\n<div class=\"col-xs-12 col-sm-12 col-md-12 col-lg-12\">\n<div class=\"form-group\">\n<span class=\"wpcf7-form-control-wrap\" data-name=\"message\"><textarea name=\"message\" cols=\"40\" rows=\"9\" class=\"wpcf7-form-control wpcf7-textarea wpcf7-validates-as-required form-control\" aria-required=\"true\" aria-invalid=\"false\"><\/textarea><\/span>\n<\/div>\n<\/div>\n<\/div>\n<div class=\"row\">\n<div class=\"col-xs-12 col-sm-12 col-md-12 col-lg-12\">\n<input type=\"submit\" value=\"Submit\" class=\"wpcf7-form-control has-spinner wpcf7-submit btn btn-default\" \/>\n<\/div>\n<\/div>\n<div class=\"wpcf7-response-output\" aria-hidden=\"true\"><\/div><\/form><\/div>[\/vc_tta_section][\/vc_tta_tabs][\/vc_column][\/vc_row]<\/p>\n","protected":false},"excerpt":{"rendered":"<p>[vc_row full_width=&#8221;stretch_row&#8221; css=&#8221;.vc_custom_1652470730889{padding-bottom: 50px !important;background-image: url(http:\/\/orax-cm.com\/wp-content\/uploads\/2022\/05\/close-up-businessman-analyzes-the-financial-report-KUF6PV2.png?id=5021) !important;background-position: center !important;background-repeat: no-repeat !important;background-size: cover !important;}&#8221;][vc_column][vc_column_text] A PROPOS [\/vc_column_text][\/vc_column][\/vc_row][vc_row css=&#8221;.vc_custom_1435816078010{margin-bottom: 15px !important;}&#8221;][vc_column width=&#8221;1\/2&#8243;][vc_custom_heading text=&#8221;ORAX TECHNOLOGIES!&#8221; use_theme_fonts=&#8221;yes&#8221; css=&#8221;.vc_custom_1651230368369{margin-bottom: 29px !important;}&#8221;][vc_column_text css=&#8221;.vc_custom_1651228478820{margin-bottom: 32px !important;}&#8221;] Cabinet d\u2019\u00e9tudes et de conseils sp\u00e9cialis\u00e9 dans le d\u00e9veloppement d\u2019application, conseils, formation, l\u2019int\u00e9gration des solutions et la vente des \u00e9quipements informatiques. ORAX TECHNOLOGIES a pour Mission, [&hellip;]<\/p>\n","protected":false},"author":1,"featured_media":0,"parent":0,"menu_order":0,"comment_status":"closed","ping_status":"closed","template":"","meta":[],"_links":{"self":[{"href":"https:\/\/orax-cm.com\/index.php\/wp-json\/wp\/v2\/pages\/392"}],"collection":[{"href":"https:\/\/orax-cm.com\/index.php\/wp-json\/wp\/v2\/pages"}],"about":[{"href":"https:\/\/orax-cm.com\/index.php\/wp-json\/wp\/v2\/types\/page"}],"author":[{"embeddable":true,"href":"https:\/\/orax-cm.com\/index.php\/wp-json\/wp\/v2\/users\/1"}],"replies":[{"embeddable":true,"href":"https:\/\/orax-cm.com\/index.php\/wp-json\/wp\/v2\/comments?post=392"}],"version-history":[{"count":1,"href":"https:\/\/orax-cm.com\/index.php\/wp-json\/wp\/v2\/pages\/392\/revisions"}],"predecessor-version":[{"id":5093,"href":"https:\/\/orax-cm.com\/index.php\/wp-json\/wp\/v2\/pages\/392\/revisions\/5093"}],"wp:attachment":[{"href":"https:\/\/orax-cm.com\/index.php\/wp-json\/wp\/v2\/media?parent=392"}],"curies":[{"name":"wp","href":"https:\/\/api.w.org\/{rel}","templated":true}]}}