{"id":5013,"date":"2022-05-13T08:18:25","date_gmt":"2022-05-13T08:18:25","guid":{"rendered":"http:\/\/orax-cm.com\/?page_id=5013"},"modified":"2026-01-07T09:03:54","modified_gmt":"2026-01-07T09:03:54","slug":"nos-services","status":"publish","type":"page","link":"https:\/\/orax-cm.com\/index.php\/nos-services\/","title":{"rendered":"Nos services"},"content":{"rendered":"<p>[vc_row full_width=&#8221;stretch_row&#8221; css=&#8221;.vc_custom_1654111610120{padding-bottom: 50px !important;background-image: url(http:\/\/orax-cm.com\/wp-content\/uploads\/2022\/06\/im-nos-services-scaled.jpg?id=5046) !important;background-position: center !important;background-repeat: no-repeat !important;background-size: cover !important;}&#8221;][vc_column][vc_column_text]<\/p>\n<h2 style=\"color: white; text-align: center;\"><span style=\"color: #d1d6dc;\">Nos services<\/span><\/h2>\n<p>[\/vc_column_text][\/vc_column][\/vc_row][vc_section css=&#8221;.vc_custom_1654190948438{margin-bottom: 0px !important;padding-bottom: 0px !important;background-color: #eff0f0 !important;}&#8221;][vc_row][vc_column][vc_separator color=&#8221;sky&#8221; border_width=&#8221;2&#8243;][\/vc_column][\/vc_row][vc_row css_animation=&#8221;fadeInRight&#8221;][vc_column width=&#8221;1\/3&#8243;][vc_custom_heading text=&#8221;Int\u00e9gration des ERP&#8221; font_container=&#8221;tag:h3|text_align:center&#8221;][vc_single_image image=&#8221;5061&#8243; img_size=&#8221;medium&#8221; alignment=&#8221;center&#8221;][vc_column_text]Nous concevons des outils de pilotage et des acc\u00e9l\u00e9rateurs de performance pour tous types d\u2019organisations : entreprises, associations, PME-PMI et grandes entreprises.<br data-start=\"359\" data-end=\"362\" \/>Nos logiciels de gestion couvrent l\u2019ensemble de vos besoins : ERP\/PGI, production, comptabilit\u00e9, paie, applications mobiles, portails web collaboratifs et gestion de projets.[\/vc_column_text][\/vc_column][vc_column width=&#8221;1\/3&#8243;][vc_custom_heading text=&#8221;D\u00e9veloppement Web, Mobile &amp;PC&#8221; font_container=&#8221;tag:h3|text_align:center&#8221;][vc_single_image image=&#8221;5086&#8243; img_size=&#8221;medium&#8221; alignment=&#8221;center&#8221;][vc_column_text]ORAX Cr\u00e9e des applications qui renforces le lien avec vos clients et qui am\u00e9liorent vos performances d&#8217;affaires. Pour vous accompagner, nous utilisons les derni\u00e8res technologies : Flutter , Spring-boot, JavaScript, python , Windev&#8230;etc.[\/vc_column_text][\/vc_column][vc_column width=&#8221;1\/3&#8243;][vc_custom_heading text=&#8221;Conception &amp; Administration des Sites Web&#8221; font_container=&#8221;tag:h3|text_align:center&#8221;][vc_single_image image=&#8221;5084&#8243; img_size=&#8221;medium&#8221;][vc_column_text]Un site web adapt\u00e9 \u00e0 votre activit\u00e9 est essentiel pour atteindre de nouveaux clients et renforcer votre image de marque.<br data-start=\"285\" data-end=\"288\" \/>Nous proposons des services de cr\u00e9ation de sites internet afin d\u2019am\u00e9liorer votre visibilit\u00e9 en ligne.<br data-start=\"391\" data-end=\"394\" \/>Nous nous occupons de la conception, de la mise en ligne et des mises \u00e0 jour de votre site.[\/vc_column_text][\/vc_column][\/vc_row][vc_row css_animation=&#8221;rotateInUpRight&#8221;][vc_column width=&#8221;1\/3&#8243;][vc_custom_heading text=&#8221;DATA &amp; IA&#8221; font_container=&#8221;tag:h3|text_align:center&#8221;][vc_single_image image=&#8221;5088&#8243; img_size=&#8221;medium&#8221; alignment=&#8221;center&#8221;][vc_column_text]ORAX vous offre des outils strat\u00e9giques pour accro\u00eetre la productivit\u00e9 et optimiser les investissements de votre entreprise.<br data-start=\"302\" data-end=\"305\" \/>Nous apportons aux d\u00e9cideurs et aux dirigeants une aide \u00e0 la d\u00e9cision rapide et efficace.[\/vc_column_text][\/vc_column][vc_column width=&#8221;1\/3&#8243;][vc_custom_heading text=&#8221;Marketing digital&#8221; font_container=&#8221;tag:h3|text_align:center&#8221;][vc_single_image image=&#8221;5090&#8243; img_size=&#8221;medium&#8221; alignment=&#8221;center&#8221;][vc_column_text]Nous vous accompagnons dans l&#8217;am\u00e9lioration de votre\u00a0 notori\u00e9t\u00e9 et votre chiffre d&#8217;affaire via le SEO, SEA, EMAILING et le Marketing web.[\/vc_column_text][\/vc_column][vc_column width=&#8221;1\/3&#8243;][vc_custom_heading text=&#8221;Formations&#8221; font_container=&#8221;tag:h3|text_align:center&#8221;][vc_single_image image=&#8221;5091&#8243; img_size=&#8221;medium&#8221; alignment=&#8221;center&#8221;][vc_column_text]Nous avons un catalogue de plus de 25 formations allant de: Administration r\u00e9seau, Administration de base de donn\u00e9es, Gestion des projets, Administration des portails web, Programmation &#8230; etc.[\/vc_column_text][\/vc_column][\/vc_row][\/vc_section]<\/p>\n","protected":false},"excerpt":{"rendered":"<p>[vc_row full_width=&#8221;stretch_row&#8221; css=&#8221;.vc_custom_1654111610120{padding-bottom: 50px !important;background-image: url(http:\/\/orax-cm.com\/wp-content\/uploads\/2022\/06\/im-nos-services-scaled.jpg?id=5046) !important;background-position: center !important;background-repeat: no-repeat !important;background-size: cover !important;}&#8221;][vc_column][vc_column_text] Nos services [\/vc_column_text][\/vc_column][\/vc_row][vc_section css=&#8221;.vc_custom_1654190948438{margin-bottom: 0px !important;padding-bottom: 0px !important;background-color: #eff0f0 !important;}&#8221;][vc_row][vc_column][vc_separator color=&#8221;sky&#8221; border_width=&#8221;2&#8243;][\/vc_column][\/vc_row][vc_row css_animation=&#8221;fadeInRight&#8221;][vc_column width=&#8221;1\/3&#8243;][vc_custom_heading text=&#8221;Int\u00e9gration des ERP&#8221; font_container=&#8221;tag:h3|text_align:center&#8221;][vc_single_image image=&#8221;5061&#8243; img_size=&#8221;medium&#8221; alignment=&#8221;center&#8221;][vc_column_text]Nous concevons des outils de pilotage et des acc\u00e9l\u00e9rateurs de performance pour tous types d\u2019organisations : entreprises, associations, PME-PMI et grandes entreprises.Nos [&hellip;]<\/p>\n","protected":false},"author":1,"featured_media":0,"parent":0,"menu_order":0,"comment_status":"closed","ping_status":"closed","template":"","meta":[],"_links":{"self":[{"href":"https:\/\/orax-cm.com\/index.php\/wp-json\/wp\/v2\/pages\/5013"}],"collection":[{"href":"https:\/\/orax-cm.com\/index.php\/wp-json\/wp\/v2\/pages"}],"about":[{"href":"https:\/\/orax-cm.com\/index.php\/wp-json\/wp\/v2\/types\/page"}],"author":[{"embeddable":true,"href":"https:\/\/orax-cm.com\/index.php\/wp-json\/wp\/v2\/users\/1"}],"replies":[{"embeddable":true,"href":"https:\/\/orax-cm.com\/index.php\/wp-json\/wp\/v2\/comments?post=5013"}],"version-history":[{"count":1,"href":"https:\/\/orax-cm.com\/index.php\/wp-json\/wp\/v2\/pages\/5013\/revisions"}],"predecessor-version":[{"id":5094,"href":"https:\/\/orax-cm.com\/index.php\/wp-json\/wp\/v2\/pages\/5013\/revisions\/5094"}],"wp:attachment":[{"href":"https:\/\/orax-cm.com\/index.php\/wp-json\/wp\/v2\/media?parent=5013"}],"curies":[{"name":"wp","href":"https:\/\/api.w.org\/{rel}","templated":true}]}}